{"id":157,"date":"2015-05-23T11:01:10","date_gmt":"2015-05-23T09:01:10","guid":{"rendered":"http:\/\/www.single-senioren.com\/?page_id=157"},"modified":"2016-05-23T11:53:54","modified_gmt":"2016-05-23T09:53:54","slug":"vermittlungsagenturen","status":"publish","type":"page","link":"https:\/\/www.single-senioren.com\/?page_id=157","title":{"rendered":"Vermittlungsagenturen"},"content":{"rendered":"<h3><strong>Vermittlungsagentur? Partnervermittlung? Singleb\u00f6rse? Was soll ich nun w\u00e4hlen? <\/strong><\/h3>\n<p>Wichtiger ist hier wahrscheinlich, dass sich bei Ihnen in der N\u00e4he jemand befindet, der Ihnen bei derPartnersuche hilft &#8211; egal ob es um den Reise- und Freizeitpartner oder den festen Partner handelt.<\/p>\n<p>Suchen Sie gezielt in der N\u00e4he. Dort befinden sich ebenfalls einsame Menschen aus Ihrer Umgebung.<\/p>\n<p>Hier finden Sie einige Internetseiten mit Agenturen aus den verschiedenen Regionen:<\/p>\n<p><img loading=\"lazy\" class=\"wp-image-159 alignright\" src=\"http:\/\/www.single-senioren.com\/wp-content\/uploads\/2015\/05\/web-235764_1280-200x300.jpg\" alt=\"Zweisamkeit Senioren Partnersuche\" width=\"260\" height=\"390\" srcset=\"https:\/\/www.single-senioren.com\/wp-content\/uploads\/2015\/05\/web-235764_1280-200x300.jpg 200w, https:\/\/www.single-senioren.com\/wp-content\/uploads\/2015\/05\/web-235764_1280-682x1024.jpg 682w, https:\/\/www.single-senioren.com\/wp-content\/uploads\/2015\/05\/web-235764_1280-624x936.jpg 624w, https:\/\/www.single-senioren.com\/wp-content\/uploads\/2015\/05\/web-235764_1280.jpg 853w\" sizes=\"(max-width: 260px) 100vw, 260px\" \/><\/p>\n<p><a href=\"http:\/\/www.partnervermittlung-thueringen.com\/\">www.partnervermittlung-thueringen.com<\/a><\/p>\n<p><a href=\"http:\/\/www.partnervermittlung-sachsen-anhalt.com\/\">www.partnervermittlung-sachsen-anhalt.com<\/a><\/p>\n<p><a href=\"http:\/\/www.partnervermittlung-halle.com\/\">www.partnervermittlung-halle.com<\/a><\/p>\n<p><a href=\"http:\/\/www.partnervermittlung-leipzig.com\/\">www.partnervermittlung-leipzig.com<\/a><\/p>\n<p><a href=\"http:\/\/www.partnervermittlung-jena.com\/\">www.partnervermittlung-jena.com<\/a><\/p>\n<p><a href=\"http:\/\/www.partnervermittlung-sachsen.com\/\">www.partnervermittlung-sachsen.com<\/a><\/p>\n<p>&nbsp;<\/p>\n<p>&nbsp;<\/p>\n","protected":false},"excerpt":{"rendered":"<p>Vermittlungsagentur? Partnervermittlung? Singleb\u00f6rse? Was soll ich nun w\u00e4hlen? Wichtiger ist hier wahrscheinlich, dass sich bei Ihnen in der N\u00e4he jemand befindet, der Ihnen bei derPartnersuche hilft &#8211; egal ob es um den Reise- und Freizeitpartner oder den festen Partner handelt. Suchen Sie gezielt in der N\u00e4he. Dort befinden sich ebenfalls einsame Menschen aus Ihrer Umgebung. [&hellip;]<\/p>\n","protected":false},"author":2,"featured_media":0,"parent":0,"menu_order":0,"comment_status":"closed","ping_status":"closed","template":"","meta":[],"_links":{"self":[{"href":"https:\/\/www.single-senioren.com\/index.php?rest_route=\/wp\/v2\/pages\/157"}],"collection":[{"href":"https:\/\/www.single-senioren.com\/index.php?rest_route=\/wp\/v2\/pages"}],"about":[{"href":"https:\/\/www.single-senioren.com\/index.php?rest_route=\/wp\/v2\/types\/page"}],"author":[{"embeddable":true,"href":"https:\/\/www.single-senioren.com\/index.php?rest_route=\/wp\/v2\/users\/2"}],"replies":[{"embeddable":true,"href":"https:\/\/www.single-senioren.com\/index.php?rest_route=%2Fwp%2Fv2%2Fcomments&post=157"}],"version-history":[{"count":4,"href":"https:\/\/www.single-senioren.com\/index.php?rest_route=\/wp\/v2\/pages\/157\/revisions"}],"predecessor-version":[{"id":162,"href":"https:\/\/www.single-senioren.com\/index.php?rest_route=\/wp\/v2\/pages\/157\/revisions\/162"}],"wp:attachment":[{"href":"https:\/\/www.single-senioren.com\/index.php?rest_route=%2Fwp%2Fv2%2Fmedia&parent=157"}],"curies":[{"name":"wp","href":"https:\/\/api.w.org\/{rel}","templated":true}]}}