{"id":21,"date":"2014-05-13T12:41:58","date_gmt":"2014-05-13T10:41:58","guid":{"rendered":"http:\/\/www.single-senioren.com\/?page_id=21"},"modified":"2014-06-18T12:35:55","modified_gmt":"2014-06-18T10:35:55","slug":"persoenliche-betreuung-und-beratung","status":"publish","type":"page","link":"https:\/\/www.single-senioren.com\/?page_id=21","title":{"rendered":"Pers\u00f6nliche Betreuung und Beratung"},"content":{"rendered":"<p>\u00dcber Singleb\u00f6rsen im Internet ist eine <a title=\"Man sollte auch andere Wege gehen\" href=\"http:\/\/www.single-senioren.com\/?p=30\">pers\u00f6nliche Betreuung und Beratung<\/a> schlecht m\u00f6glich. Bei der Partnersuche ohne Internet bleiben dann nur noch Anzeigenschaltung in den verschiedenen Zeitungen. Doch handelt es sich bei denjenigen, die sich bei Ihnen melden, auch um die Person nach Ihren W\u00fcnschen und Vorstellungen? Das trifft leider nur in den wenigsten F\u00e4llen zu.<\/p>\n<p>Jedoch gibt es auch die M\u00f6glichkeit, \u00fcber das Internet Kontakt mit Partnervermittlungen auzunehmen, die diese pers\u00f6nliche Betreuung und Beratung anbieten. Die Homepage informiert \u00fcber die Agentur und deren Ablauf dann auch genauer.<\/p>\n<p>Suchen Sie nach<a title=\"Partnervermittlung in der N\u00e4he\" href=\"http:\/\/www.single-senioren.com\/?p=34\"> Partnervermittlungen in Ihrer N\u00e4he<\/a>, die auf den pers\u00f6nlichen Kontakt noch viel Wert legen und sich Zeit f\u00fcr Sie nehmen!<\/p>\n<p>&nbsp;<\/p>\n<h1><strong>AUCH IN IHRER N\u00c4HE<\/strong><\/h1>\n<p>Um zu einer seri\u00f6sen Vermittlungsagentur zu gelangen, geben Sie immer Ihren Wohnort bzw. eine gr\u00f6\u00dfere Stadt in Ihrer N\u00e4he ein!<\/p>\n<p><a title=\"ANNA GmbH\" href=\"http:\/\/www.single-senioren.com\/?p=44\">Zum Beispiel: ANNA GMBH<\/a><\/p>\n","protected":false},"excerpt":{"rendered":"<p>\u00dcber Singleb\u00f6rsen im Internet ist eine pers\u00f6nliche Betreuung und Beratung schlecht m\u00f6glich. Bei der Partnersuche ohne Internet bleiben dann nur noch Anzeigenschaltung in den verschiedenen Zeitungen. Doch handelt es sich bei denjenigen, die sich bei Ihnen melden, auch um die Person nach Ihren W\u00fcnschen und Vorstellungen? Das trifft leider nur in den wenigsten F\u00e4llen zu. [&hellip;]<\/p>\n","protected":false},"author":2,"featured_media":0,"parent":0,"menu_order":0,"comment_status":"closed","ping_status":"closed","template":"","meta":[],"_links":{"self":[{"href":"https:\/\/www.single-senioren.com\/index.php?rest_route=\/wp\/v2\/pages\/21"}],"collection":[{"href":"https:\/\/www.single-senioren.com\/index.php?rest_route=\/wp\/v2\/pages"}],"about":[{"href":"https:\/\/www.single-senioren.com\/index.php?rest_route=\/wp\/v2\/types\/page"}],"author":[{"embeddable":true,"href":"https:\/\/www.single-senioren.com\/index.php?rest_route=\/wp\/v2\/users\/2"}],"replies":[{"embeddable":true,"href":"https:\/\/www.single-senioren.com\/index.php?rest_route=%2Fwp%2Fv2%2Fcomments&post=21"}],"version-history":[{"count":6,"href":"https:\/\/www.single-senioren.com\/index.php?rest_route=\/wp\/v2\/pages\/21\/revisions"}],"predecessor-version":[{"id":24,"href":"https:\/\/www.single-senioren.com\/index.php?rest_route=\/wp\/v2\/pages\/21\/revisions\/24"}],"wp:attachment":[{"href":"https:\/\/www.single-senioren.com\/index.php?rest_route=%2Fwp%2Fv2%2Fmedia&parent=21"}],"curies":[{"name":"wp","href":"https:\/\/api.w.org\/{rel}","templated":true}]}}